{"id":7836,"date":"2019-10-07T16:46:31","date_gmt":"2019-10-07T14:46:31","guid":{"rendered":"https:\/\/www.wetter-center.de\/blog\/?page_id=7836"},"modified":"2025-05-02T12:40:10","modified_gmt":"2025-05-02T10:40:10","slug":"mobile-alerts-station-registrieren","status":"publish","type":"page","link":"https:\/\/www.wetter-center.de\/blog\/mobile-alerts-station-registrieren\/","title":{"rendered":"Mobile-Alerts-Station registrieren"},"content":{"rendered":"\n<p>Registrieren Sie hier kostenlos Ihre <strong>Mobile-Alerts-Wetterstation<\/strong> und wir leiten Ihre Daten an <strong>Wetter-Netzwerke Ihrer Wahl <\/strong>weiter.<\/p>\n\n\n\n<p>Bitte beachten Sie, dass Sie dazu bereits bei einem der Dienste registriert sein m\u00fcssen. Falls das noch nicht der Fall ist, klicken Sie bitte hier den entsprechenden Link, um sich dort zu registrieren:<\/p>\n\n\n\n<ul class=\"wp-block-list\">\n<li>Registrieren bei <a href=\"https:\/\/www.wunderground.com\/signup\" target=\"_blank\" rel=\"noreferrer noopener\"><strong>Weather Underground<\/strong><\/a><\/li>\n\n\n\n<li>Registrieren bei <a href=\"https:\/\/www.awekas.at\/de\/benutzer.php?mode=new\" target=\"_blank\" rel=\"noreferrer noopener\"><strong>Awekas<\/strong><\/a> (bitte beachten Sie <a data-type=\"URL\" data-id=\"https:\/\/www.wetter-center.de\/blog\/mobile-alerts-und-das-wetternetzwerk-awekas\/\" href=\"https:\/\/www.wetter-center.de\/blog\/mobile-alerts-und-das-wetternetzwerk-awekas\/\" target=\"_blank\" rel=\"noreferrer noopener\">diese Hinweise<\/a>)<\/li>\n\n\n\n<li>Registrieren bei <a aria-label=\"WeatherCloud (\u00f6ffnet in neuem Tab)\" href=\"https:\/\/app.weathercloud.net\/signup\" target=\"_blank\" rel=\"noreferrer noopener\"><strong>WeatherCloud<\/strong><\/a><\/li>\n\n\n\n<li>Registrieren bei <a href=\"https:\/\/madis.ncep.noaa.gov\/cwop_signup.shtml\" target=\"_blank\" rel=\"noreferrer noopener\"><strong>Citizen Weather Observer Program (CWOP)<\/strong><\/a><\/li>\n<\/ul>\n\n\n\n<p><strong>Das Wetter-Netzwerk Ihrer Wahl ist nicht dabei?<\/strong> Gerne pr\u00fcfen wir auch, ob wir andere Dienste unterst\u00fctzen k\u00f6nnen. Teilen Sie uns bitte Ihren Wunsch <strong>unten im Formular<\/strong> mit.<\/p>\n\n\n\n<p>Bitte f\u00fcllen Sie das folgende Formular aus, Felder mit * sind obligatorisch. Wenn Ihre Daten nicht an alle aufgef\u00fchrten Wetterdienste gesendet werden sollen, lassen Sie einfach das entprechende Feld leer.<\/p>\n\n\n\n\n<div class=\"um um-register um-7825\">\n\t<div class=\"um-form\" data-mode=\"register\">\n\t\t<form method=\"post\" action=\"\">\n\t\t\t<div class=\"um-row _um_row_1 \" style=\"margin: 0 0 30px 0;\"><div class=\"um-col-1\"><div  id=\"um_field_7825_first_name\" class=\"um-field um-field-text  um-field-first_name um-field-text um-field-type_text\" data-key=\"first_name\"><div class=\"um-field-label\"><label for=\"first_name-7825\">Vorname<span class=\"um-req\" title=\"Erforderlich\">*<\/span><\/label><div class=\"um-clear\"><\/div><\/div><div class=\"um-field-area\"><input  autocomplete=\"off\" class=\"um-form-field valid \" type=\"text\" name=\"first_name-7825\" id=\"first_name-7825\" value=\"\" placeholder=\"\" data-validate=\"\" data-key=\"first_name\"  aria-invalid=\"false\" \/>\n\n\t\t\t\t\t\t<\/div><\/div><div  id=\"um_field_7825_last_name\" class=\"um-field um-field-text  um-field-last_name um-field-text um-field-type_text\" data-key=\"last_name\"><div class=\"um-field-label\"><label for=\"last_name-7825\">Nachname<span class=\"um-req\" title=\"Erforderlich\">*<\/span><\/label><div class=\"um-clear\"><\/div><\/div><div class=\"um-field-area\"><input  autocomplete=\"off\" class=\"um-form-field valid \" type=\"text\" name=\"last_name-7825\" id=\"last_name-7825\" value=\"\" placeholder=\"\" data-validate=\"\" data-key=\"last_name\"  aria-invalid=\"false\" \/>\n\n\t\t\t\t\t\t<\/div><\/div><div  id=\"um_field_7825_user_email\" class=\"um-field um-field-text  um-field-user_email um-field-text um-field-type_text\" data-key=\"user_email\"><div class=\"um-field-label\"><label for=\"user_email-7825\">E-mail-Adresse<span class=\"um-req\" title=\"Erforderlich\">*<\/span><\/label><div class=\"um-clear\"><\/div><\/div><div class=\"um-field-area\"><input  autocomplete=\"off\" class=\"um-form-field valid \" type=\"text\" name=\"user_email-7825\" id=\"user_email-7825\" value=\"\" placeholder=\"\" data-validate=\"unique_email\" data-key=\"user_email\"  aria-invalid=\"false\" \/>\n\n\t\t\t\t\t\t<\/div><\/div><div  id=\"um_field_7825_user_password\" class=\"um-field um-field-password  um-field-user_password um-field-password um-field-type_password\" data-key=\"user_password\"><div class=\"um-field-label\"><label for=\"user_password-7825\">Passwort<span class=\"um-req\" title=\"Erforderlich\">*<\/span><\/label><div class=\"um-clear\"><\/div><\/div><div class=\"um-field-area\"><input class=\"um-form-field valid \" type=\"password\" name=\"user_password-7825\" id=\"user_password-7825\" value=\"\" placeholder=\"\" data-validate=\"\" data-key=\"user_password\"  aria-invalid=\"false\" \/>\n\n\t\t\t\t\t\t\t<\/div><\/div><div  id=\"um_field_7825_confirm_user_password\" class=\"um-field um-field-password  um-field-user_password um-field-password um-field-type_password\" data-key=\"confirm_user_password\"><div class=\"um-field-label\"><label for=\"confirm_user_password-7825\">Passwort best\u00e4tigen<span class=\"um-req\" title=\"Erforderlich\">*<\/span><\/label><div class=\"um-clear\"><\/div><\/div><div class=\"um-field-area\"><input class=\"um-form-field valid \" type=\"password\" name=\"confirm_user_password-7825\" id=\"confirm_user_password-7825\" value=\"\" placeholder=\"Passwort best\u00e4tigen\" data-validate=\"\" data-key=\"confirm_user_password\"  aria-invalid=\"false\" \/><\/div><\/div><div  id=\"um_field_7825_PhoneID\" class=\"um-field um-field-text  um-field-PhoneID um-field-text um-field-type_text\" data-key=\"PhoneID\"><div class=\"um-field-label\"><label for=\"PhoneID-7825\">Mobile Alerts Phone ID (keine Telefonnummer)<span class=\"um-req\" title=\"Erforderlich\">*<\/span><\/label><span class=\"um-tip um-tip-w\" title=\"Diese ID finden Sie in Ihrer Mobile Alerts App unter Einstellungen.\"><i class=\"um-icon-help-circled\"><\/i><\/span><div class=\"um-clear\"><\/div><\/div><div class=\"um-field-area\"><input  autocomplete=\"off\" class=\"um-form-field valid \" type=\"text\" name=\"PhoneID-7825\" id=\"PhoneID-7825\" value=\"\" placeholder=\"\" data-validate=\"numeric\" data-key=\"PhoneID\"  aria-invalid=\"false\" \/>\n\n\t\t\t\t\t\t<\/div><\/div><div  id=\"um_field_7825_PhoneID_7\" class=\"um-field um-field-text  um-field-PhoneID_7 um-field-text um-field-type_text\" data-key=\"PhoneID_7\"><div class=\"um-field-label\"><label for=\"PhoneID_7-7825\">Weathercloud ID<\/label><span class=\"um-tip um-tip-w\" title=\"Diese ID finden Sie in WeatherCloud -&gt; Devices -&gt; Settings -&gt; Link\"><i class=\"um-icon-help-circled\"><\/i><\/span><div class=\"um-clear\"><\/div><\/div><div class=\"um-field-area\"><input  autocomplete=\"off\" class=\"um-form-field valid not-required \" type=\"text\" name=\"PhoneID_7-7825\" id=\"PhoneID_7-7825\" value=\"\" placeholder=\"\" data-validate=\"alpha_numeric\" data-key=\"PhoneID_7\"  aria-invalid=\"false\" \/>\n\n\t\t\t\t\t\t<\/div><\/div><div  id=\"um_field_7825_PhoneID_7_8\" class=\"um-field um-field-text  um-is-conditional um-field-PhoneID_7_8 um-field-text um-field-type_text\" data-key=\"PhoneID_7_8\" data-cond-0-action=\"show\" data-cond-0-field=\"PhoneID_7\" data-cond-0-operator=\"not empty\" data-cond-0-value=\"\"><div class=\"um-field-label\"><label for=\"PhoneID_7_8-7825\">Weathercloud Key<\/label><span class=\"um-tip um-tip-w\" title=\"Den Key finden Sie in WeatherCloud -&gt; Devices -&gt; Settings -&gt; Link\"><i class=\"um-icon-help-circled\"><\/i><\/span><div class=\"um-clear\"><\/div><\/div><div class=\"um-field-area\"><input  autocomplete=\"off\" class=\"um-form-field valid not-required \" type=\"text\" name=\"PhoneID_7_8-7825\" id=\"PhoneID_7_8-7825\" value=\"\" placeholder=\"\" data-validate=\"alpha_numeric\" data-key=\"PhoneID_7_8\"  aria-invalid=\"false\" \/>\n\n\t\t\t\t\t\t<\/div><\/div><div  id=\"um_field_7825_PhoneID_7_9\" class=\"um-field um-field-text  um-field-PhoneID_7_9 um-field-text um-field-type_text\" data-key=\"PhoneID_7_9\"><div class=\"um-field-label\"><label for=\"PhoneID_7_9-7825\">CWOP ID<\/label><span class=\"um-tip um-tip-w\" title=\"Diese ID erhalten Sie per E-Mail vom CWOP.\"><i class=\"um-icon-help-circled\"><\/i><\/span><div class=\"um-clear\"><\/div><\/div><div class=\"um-field-area\"><input  autocomplete=\"off\" class=\"um-form-field valid not-required \" type=\"text\" name=\"PhoneID_7_9-7825\" id=\"PhoneID_7_9-7825\" value=\"\" placeholder=\"\" data-validate=\"alpha_numeric\" data-key=\"PhoneID_7_9\"  aria-invalid=\"false\" \/>\n\n\t\t\t\t\t\t<\/div><\/div><div  id=\"um_field_7825_lat_lon\" class=\"um-field um-field-text  um-is-conditional um-field-lat_lon um-field-text um-field-type_text\" data-key=\"lat_lon\" data-cond-0-action=\"show\" data-cond-0-field=\"PhoneID_7_9\" data-cond-0-operator=\"not empty\" data-cond-0-value=\"\"><div class=\"um-field-label\"><label for=\"lat_lon-7825\">Geografische Koordinaten<\/label><span class=\"um-tip um-tip-w\" title=\"Geografische L\u00e4nge und Breite, erforderlich f\u00fcr CWOP - Beispiel f\u00fcr Berlin: 52.520,13.406\"><i class=\"um-icon-help-circled\"><\/i><\/span><div class=\"um-clear\"><\/div><\/div><div class=\"um-field-area\"><input  autocomplete=\"off\" class=\"um-form-field valid not-required \" type=\"text\" name=\"lat_lon-7825\" id=\"lat_lon-7825\" value=\"\" placeholder=\"\" data-validate=\"0\" data-key=\"lat_lon\"  aria-invalid=\"false\" \/>\n\n\t\t\t\t\t\t<\/div><\/div><div  id=\"um_field_7825_wu_id\" class=\"um-field um-field-text  um-field-wu_id um-field-text um-field-type_text\" data-key=\"wu_id\"><div class=\"um-field-label\"><label for=\"wu_id-7825\">Weather Underground ID<\/label><span class=\"um-tip um-tip-w\" title=\"Diese ID erhalten Sie nach der Registrierung auf Weather Underground.\"><i class=\"um-icon-help-circled\"><\/i><\/span><div class=\"um-clear\"><\/div><\/div><div class=\"um-field-area\"><input  autocomplete=\"off\" class=\"um-form-field valid not-required \" type=\"text\" name=\"wu_id-7825\" id=\"wu_id-7825\" value=\"\" placeholder=\"\" data-validate=\"\" data-key=\"wu_id\"  aria-invalid=\"false\" \/>\n\n\t\t\t\t\t\t<\/div><\/div><div  id=\"um_field_7825_wu_pw\" class=\"um-field um-field-text  um-is-conditional um-field-wu_pw um-field-text um-field-type_text\" data-key=\"wu_pw\" data-cond-0-action=\"show\" data-cond-0-field=\"wu_id\" data-cond-0-operator=\"not empty\" data-cond-0-value=\"\"><div class=\"um-field-label\"><label for=\"wu_pw-7825\">Weather Underground Key<\/label><span class=\"um-tip um-tip-w\" title=\"Ihr Key wird in der Ger\u00e4te\u00fcbersicht (My Devices) angezeigt.\"><i class=\"um-icon-help-circled\"><\/i><\/span><div class=\"um-clear\"><\/div><\/div><div class=\"um-field-area\"><input  autocomplete=\"off\" class=\"um-form-field valid not-required \" type=\"text\" name=\"wu_pw-7825\" id=\"wu_pw-7825\" value=\"\" placeholder=\"\" data-validate=\"\" data-key=\"wu_pw\"  aria-invalid=\"false\" \/>\n\n\t\t\t\t\t\t<\/div><\/div><div  id=\"um_field_7825_otherNetwork\" class=\"um-field um-field-text  um-field-otherNetwork um-field-text um-field-type_text\" data-key=\"otherNetwork\"><div class=\"um-field-label\"><label for=\"otherNetwork-7825\">Anderes Netzwerk<\/label><span class=\"um-tip um-tip-w\" title=\"Wir pr\u00fcfen gerne auch die Integration anderer Wetter-Netzwerke.\"><i class=\"um-icon-help-circled\"><\/i><\/span><div class=\"um-clear\"><\/div><\/div><div class=\"um-field-area\"><input  autocomplete=\"off\" class=\"um-form-field valid not-required \" type=\"text\" name=\"otherNetwork-7825\" id=\"otherNetwork-7825\" value=\"\" placeholder=\"\" data-validate=\"\" data-key=\"otherNetwork\"  aria-invalid=\"false\" \/>\n\n\t\t\t\t\t\t<\/div><\/div><\/div><\/div>\n<!-- This file should primarily consist of HTML with a little bit of PHP. -->\n<div class=\"um-field um-field-type_terms_conditions\" data-key=\"use_terms_conditions_agreement\" style=\"display:block;padding:0;\">\n\t<div class=\"um-field-area\">\n\t\t<div class=\"um-gdpr-content\" style=\"display:none;\">\n\t\t\t\n<p>Hier gelangen Sie zu unseren <a rel=\"noreferrer noopener\" aria-label=\"AGB  (\u00f6ffnet in neuem Tab)\" href=\"https:\/\/www.wetter-center.de\/blog\/agb\/\" target=\"_blank\">AGB <\/a>sowie zur <a href=\"https:\/\/www.wetter-center.de\/blog\/datenschutzerklaerung\/\" target=\"_blank\" rel=\"noreferrer noopener\" aria-label=\"Datenschutzerkl\u00e4rung (\u00f6ffnet in neuem Tab)\">Datenschutzerkl\u00e4rung<\/a>.<\/p>\n\t\t<\/div>\n\t\t<a href=\"javascript:void(0);\" class=\"um-toggle-gdpr\" data-toggle-state=\"hidden\"\n\t\t\tdata-toggle-show=\"AGB\/Datenschutzerkl\u00e4rung anzeigen\"\n\t\t\tdata-toggle-hide=\"AGB\/Datenschutzerkl\u00e4rung verstecken\">\n\t\t\tAGB\/Datenschutzerkl\u00e4rung anzeigen\t\t<\/a>\n\t<\/div>\n\t<div class=\"um-field-area\">\n\t\t<label class=\"um-field-checkbox\">\n\t\t\t<input type=\"checkbox\" name=\"use_gdpr_agreement\" value=\"1\">\n\t\t\t<span class=\"um-field-checkbox-state\"><i class=\"um-icon-android-checkbox-outline-blank\"><\/i><\/span>\n\t\t\t<span class=\"um-field-checkbox-option\">Ich best\u00e4tige die AGB und Datenschutzerkl\u00e4rung. Ich bin damit einverstanden, in den Newsletter eingetragen zu werden.<\/span>\n\t\t<\/label>\n\t\t<div class=\"um-clear\"><\/div>\n\t\t\t\t<div class=\"um-clear\"><\/div>\n\t<\/div>\n<\/div>\n\t<input type=\"hidden\" name=\"form_id\" id=\"form_id_7825\" value=\"7825\" \/>\n\t\t<p class=\"um_request_name\">\n\t\t<label for=\"um_request_7825\">Only fill in if you are not human<\/label>\n\t\t<input type=\"hidden\" name=\"um_request\" id=\"um_request_7825\" class=\"input\" value=\"\" size=\"25\" autocomplete=\"off\" \/>\n\t<\/p>\n\t<input type=\"hidden\" id=\"_wpnonce\" name=\"_wpnonce\" value=\"5a86ff4715\" \/><input type=\"hidden\" name=\"_wp_http_referer\" value=\"\/blog\/wp-json\/wp\/v2\/pages\/7836\" \/><input type=\"hidden\" autocomplete=\"off\" autocorrect=\"off\" name=\"IBL-fTc-BO-BE-NMWxRC-p\" value=\"\" \/>\n\t<div class=\"um-col-alt\">\n\n\t\t\n\t\t\t<div class=\"um-left um-half\">\n\t\t\t\t<input type=\"submit\" value=\"Registrieren\" class=\"um-button\" id=\"um-submit-btn\" \/>\n\t\t\t<\/div>\n\t\t\t<div class=\"um-right um-half\">\n\t\t\t\t<a href=\"https:\/\/www.wetter-center.de\/blog\/login\/\" class=\"um-button um-alt\">\n\t\t\t\t\tAnmelden\t\t\t\t<\/a>\n\t\t\t<\/div>\n\n\t\t\n\t\t<div class=\"um-clear\"><\/div>\n\n\t<\/div>\n\n\t\t\t<\/form>\n\t<\/div>\n<\/div>\n<style>\n\t\t\t.um-7825.um {\n\t\t\tmax-width: 450px;\n\t\t}\n\t\t<\/style>\n\n\n\n\n<hr class=\"wp-block-separator has-css-opacity\"\/>\n\n\n","protected":false},"excerpt":{"rendered":"<p>Registrieren Sie hier kostenlos Ihre Mobile-Alerts-Wetterstation und wir leiten Ihre Daten an Wetter-Netzwerke Ihrer Wahl weiter. Bitte beachten Sie, dass Sie dazu bereits bei einem der Dienste registriert sein m\u00fcssen. Falls das noch nicht&#46;&#46;&#46;<\/p>\n","protected":false},"author":1,"featured_media":0,"parent":0,"menu_order":0,"comment_status":"closed","ping_status":"closed","template":"","meta":{"footnotes":""},"class_list":["post-7836","page","type-page","status-publish","hentry"],"yoast_head":"<!-- This site is optimized with the Yoast SEO plugin v25.5 - https:\/\/yoast.com\/wordpress\/plugins\/seo\/ -->\n<title>Mobile-Alerts-Station registrieren - Wetter-Center.de<\/title>\n<meta name=\"robots\" content=\"index, follow, max-snippet:-1, max-image-preview:large, max-video-preview:-1\" \/>\n<link rel=\"canonical\" href=\"https:\/\/www.wetter-center.de\/blog\/mobile-alerts-station-registrieren\/\" \/>\n<meta property=\"og:locale\" content=\"de_DE\" \/>\n<meta property=\"og:type\" content=\"article\" \/>\n<meta property=\"og:title\" content=\"Mobile-Alerts-Station registrieren - Wetter-Center.de\" \/>\n<meta property=\"og:description\" content=\"Registrieren Sie hier kostenlos Ihre Mobile-Alerts-Wetterstation und wir leiten Ihre Daten an Wetter-Netzwerke Ihrer Wahl weiter. Bitte beachten Sie, dass Sie dazu bereits bei einem der Dienste registriert sein m\u00fcssen. Falls das noch nicht&#046;&#046;&#046;\" \/>\n<meta property=\"og:url\" content=\"https:\/\/www.wetter-center.de\/blog\/mobile-alerts-station-registrieren\/\" \/>\n<meta property=\"og:site_name\" content=\"Wetter-Center.de\" \/>\n<meta property=\"article:publisher\" content=\"https:\/\/www.facebook.com\/WetterUndKlima\" \/>\n<meta property=\"article:modified_time\" content=\"2025-05-02T10:40:10+00:00\" \/>\n<meta name=\"twitter:card\" content=\"summary_large_image\" \/>\n<meta name=\"twitter:site\" content=\"@meteomara\" \/>\n<meta name=\"twitter:label1\" content=\"Gesch\u00e4tzte Lesezeit\" \/>\n\t<meta name=\"twitter:data1\" content=\"1\u00a0Minute\" \/>\n<script type=\"application\/ld+json\" class=\"yoast-schema-graph\">{\"@context\":\"https:\/\/schema.org\",\"@graph\":[{\"@type\":\"WebPage\",\"@id\":\"https:\/\/www.wetter-center.de\/blog\/mobile-alerts-station-registrieren\/\",\"url\":\"https:\/\/www.wetter-center.de\/blog\/mobile-alerts-station-registrieren\/\",\"name\":\"Mobile-Alerts-Station registrieren - Wetter-Center.de\",\"isPartOf\":{\"@id\":\"https:\/\/www.wetter-center.de\/blog\/#website\"},\"datePublished\":\"2019-10-07T14:46:31+00:00\",\"dateModified\":\"2025-05-02T10:40:10+00:00\",\"breadcrumb\":{\"@id\":\"https:\/\/www.wetter-center.de\/blog\/mobile-alerts-station-registrieren\/#breadcrumb\"},\"inLanguage\":\"de\",\"potentialAction\":[{\"@type\":\"ReadAction\",\"target\":[\"https:\/\/www.wetter-center.de\/blog\/mobile-alerts-station-registrieren\/\"]}]},{\"@type\":\"BreadcrumbList\",\"@id\":\"https:\/\/www.wetter-center.de\/blog\/mobile-alerts-station-registrieren\/#breadcrumb\",\"itemListElement\":[{\"@type\":\"ListItem\",\"position\":1,\"name\":\"Startseite\",\"item\":\"https:\/\/www.wetter-center.de\/blog\/\"},{\"@type\":\"ListItem\",\"position\":2,\"name\":\"Mobile-Alerts-Station registrieren\"}]},{\"@type\":\"WebSite\",\"@id\":\"https:\/\/www.wetter-center.de\/blog\/#website\",\"url\":\"https:\/\/www.wetter-center.de\/blog\/\",\"name\":\"Wetter-Center.de\",\"description\":\"\",\"publisher\":{\"@id\":\"https:\/\/www.wetter-center.de\/blog\/#\/schema\/person\/6c69612ad4763a699cd157cfbbfa6667\"},\"potentialAction\":[{\"@type\":\"SearchAction\",\"target\":{\"@type\":\"EntryPoint\",\"urlTemplate\":\"https:\/\/www.wetter-center.de\/blog\/?s={search_term_string}\"},\"query-input\":{\"@type\":\"PropertyValueSpecification\",\"valueRequired\":true,\"valueName\":\"search_term_string\"}}],\"inLanguage\":\"de\"},{\"@type\":[\"Person\",\"Organization\"],\"@id\":\"https:\/\/www.wetter-center.de\/blog\/#\/schema\/person\/6c69612ad4763a699cd157cfbbfa6667\",\"name\":\"meteomara\",\"image\":{\"@type\":\"ImageObject\",\"inLanguage\":\"de\",\"@id\":\"https:\/\/www.wetter-center.de\/blog\/#\/schema\/person\/image\/\",\"url\":\"https:\/\/www.wetter-center.de\/blog\/wp-content\/uploads\/2022\/08\/sky-1551171_1280.jpg\",\"contentUrl\":\"https:\/\/www.wetter-center.de\/blog\/wp-content\/uploads\/2022\/08\/sky-1551171_1280.jpg\",\"width\":1280,\"height\":643,\"caption\":\"meteomara\"},\"logo\":{\"@id\":\"https:\/\/www.wetter-center.de\/blog\/#\/schema\/person\/image\/\"},\"sameAs\":[\"https:\/\/www.facebook.com\/WetterUndKlima\",\"https:\/\/www.instagram.com\/wettercenterde\/\",\"https:\/\/x.com\/https:\/\/twitter.com\/meteomara\"]}]}<\/script>\n<!-- \/ Yoast SEO plugin. -->","yoast_head_json":{"title":"Mobile-Alerts-Station registrieren - Wetter-Center.de","robots":{"index":"index","follow":"follow","max-snippet":"max-snippet:-1","max-image-preview":"max-image-preview:large","max-video-preview":"max-video-preview:-1"},"canonical":"https:\/\/www.wetter-center.de\/blog\/mobile-alerts-station-registrieren\/","og_locale":"de_DE","og_type":"article","og_title":"Mobile-Alerts-Station registrieren - Wetter-Center.de","og_description":"Registrieren Sie hier kostenlos Ihre Mobile-Alerts-Wetterstation und wir leiten Ihre Daten an Wetter-Netzwerke Ihrer Wahl weiter. Bitte beachten Sie, dass Sie dazu bereits bei einem der Dienste registriert sein m\u00fcssen. Falls das noch nicht&#46;&#46;&#46;","og_url":"https:\/\/www.wetter-center.de\/blog\/mobile-alerts-station-registrieren\/","og_site_name":"Wetter-Center.de","article_publisher":"https:\/\/www.facebook.com\/WetterUndKlima","article_modified_time":"2025-05-02T10:40:10+00:00","twitter_card":"summary_large_image","twitter_site":"@meteomara","twitter_misc":{"Gesch\u00e4tzte Lesezeit":"1\u00a0Minute"},"schema":{"@context":"https:\/\/schema.org","@graph":[{"@type":"WebPage","@id":"https:\/\/www.wetter-center.de\/blog\/mobile-alerts-station-registrieren\/","url":"https:\/\/www.wetter-center.de\/blog\/mobile-alerts-station-registrieren\/","name":"Mobile-Alerts-Station registrieren - Wetter-Center.de","isPartOf":{"@id":"https:\/\/www.wetter-center.de\/blog\/#website"},"datePublished":"2019-10-07T14:46:31+00:00","dateModified":"2025-05-02T10:40:10+00:00","breadcrumb":{"@id":"https:\/\/www.wetter-center.de\/blog\/mobile-alerts-station-registrieren\/#breadcrumb"},"inLanguage":"de","potentialAction":[{"@type":"ReadAction","target":["https:\/\/www.wetter-center.de\/blog\/mobile-alerts-station-registrieren\/"]}]},{"@type":"BreadcrumbList","@id":"https:\/\/www.wetter-center.de\/blog\/mobile-alerts-station-registrieren\/#breadcrumb","itemListElement":[{"@type":"ListItem","position":1,"name":"Startseite","item":"https:\/\/www.wetter-center.de\/blog\/"},{"@type":"ListItem","position":2,"name":"Mobile-Alerts-Station registrieren"}]},{"@type":"WebSite","@id":"https:\/\/www.wetter-center.de\/blog\/#website","url":"https:\/\/www.wetter-center.de\/blog\/","name":"Wetter-Center.de","description":"","publisher":{"@id":"https:\/\/www.wetter-center.de\/blog\/#\/schema\/person\/6c69612ad4763a699cd157cfbbfa6667"},"potentialAction":[{"@type":"SearchAction","target":{"@type":"EntryPoint","urlTemplate":"https:\/\/www.wetter-center.de\/blog\/?s={search_term_string}"},"query-input":{"@type":"PropertyValueSpecification","valueRequired":true,"valueName":"search_term_string"}}],"inLanguage":"de"},{"@type":["Person","Organization"],"@id":"https:\/\/www.wetter-center.de\/blog\/#\/schema\/person\/6c69612ad4763a699cd157cfbbfa6667","name":"meteomara","image":{"@type":"ImageObject","inLanguage":"de","@id":"https:\/\/www.wetter-center.de\/blog\/#\/schema\/person\/image\/","url":"https:\/\/www.wetter-center.de\/blog\/wp-content\/uploads\/2022\/08\/sky-1551171_1280.jpg","contentUrl":"https:\/\/www.wetter-center.de\/blog\/wp-content\/uploads\/2022\/08\/sky-1551171_1280.jpg","width":1280,"height":643,"caption":"meteomara"},"logo":{"@id":"https:\/\/www.wetter-center.de\/blog\/#\/schema\/person\/image\/"},"sameAs":["https:\/\/www.facebook.com\/WetterUndKlima","https:\/\/www.instagram.com\/wettercenterde\/","https:\/\/x.com\/https:\/\/twitter.com\/meteomara"]}]}},"amp_enabled":true,"_links":{"self":[{"href":"https:\/\/www.wetter-center.de\/blog\/wp-json\/wp\/v2\/pages\/7836","targetHints":{"allow":["GET"]}}],"collection":[{"href":"https:\/\/www.wetter-center.de\/blog\/wp-json\/wp\/v2\/pages"}],"about":[{"href":"https:\/\/www.wetter-center.de\/blog\/wp-json\/wp\/v2\/types\/page"}],"author":[{"embeddable":true,"href":"https:\/\/www.wetter-center.de\/blog\/wp-json\/wp\/v2\/users\/1"}],"replies":[{"embeddable":true,"href":"https:\/\/www.wetter-center.de\/blog\/wp-json\/wp\/v2\/comments?post=7836"}],"version-history":[{"count":2,"href":"https:\/\/www.wetter-center.de\/blog\/wp-json\/wp\/v2\/pages\/7836\/revisions"}],"predecessor-version":[{"id":16808,"href":"https:\/\/www.wetter-center.de\/blog\/wp-json\/wp\/v2\/pages\/7836\/revisions\/16808"}],"wp:attachment":[{"href":"https:\/\/www.wetter-center.de\/blog\/wp-json\/wp\/v2\/media?parent=7836"}],"curies":[{"name":"wp","href":"https:\/\/api.w.org\/{rel}","templated":true}]}}