{"id":411,"date":"2011-04-17T21:23:43","date_gmt":"2011-04-17T20:23:43","guid":{"rendered":"http:\/\/www.wetter-center.de\/blog\/?page_id=411"},"modified":"2014-10-29T23:06:31","modified_gmt":"2014-10-29T22:06:31","slug":"langfristprognose-beispiel","status":"publish","type":"page","link":"https:\/\/www.wetter-center.de\/blog\/ihre-personliche-langfristprognose\/langfristprognose-beispiel\/","title":{"rendered":"Langfristprognose: Weitere Infos"},"content":{"rendered":"<p>Hier erhalten Sie eine \u00dcbersicht \u00fcber Ver\u00f6ffentlichungen zum  Prognoseverfahren und zu Verifikationen:<\/p>\n<ul>\n<li>Radke, M. (1996): Statistische Beziehungen zwischen Anomalien  der Monatsmitteltemperaturen in Zentral-Mecklenburg. Beilage 68\/1996 zur  Wetterkarte, Amtsblatt des DWD vom 03.04.1996 f., 94\/1996.<\/li>\n<li>Radke, M.  (1997): 1 Jahr Langfrist-Temperatur-Prognosen f\u00fcr Nordost-Deustchland.  Beilage zur Wetterkarte, Amtsblatt des DWD. &#8211; <a href=\"http:\/\/www.sommerprognose.de\/longver1.pdf\">Download als PDF-File  (69k).<\/a><\/li>\n<li>Radke, M.  (1998): 2 Jahre Langfrist-Temperatur-Prognosen f\u00fcr Nordost-Deustchland.  Beilage zur Wetterkarte, Amtsblatt des DWD. &#8211; <a href=\"http:\/\/www.sommerprognose.de\/longver2.pdf\">Download  als PDF-File (75k).<\/a><\/li>\n<li>Radke, M.  (1999): 3 Jahre Langfrist-Temperatur-Prognosen f\u00fcr Nordost-Deustchland.  Beilage zur Wetterkarte, Amtsblatt des DWD. (German) &#8211; <a href=\"http:\/\/www.sommerprognose.de\/longver3.pdf\">Download als PDF-File  (75k).<\/a><\/li>\n<li>Radke, M.  (2001): 5 Jahre Langfrist-Temperatur-Prognosen f\u00fcr Nordost-Deustchland.  (German) &#8211; <a href=\"http:\/\/www.sommerprognose.de\/verifikation2000.pdf\">Download  als PDF-File (35k).<\/a><\/li>\n<\/ul>\n<p>Hier gelangen Sie <a href=\"?page_id=409\"><strong>zur\u00fcck <\/strong>zur  Langfristprognose-\u00dcbersichtsseite<\/a>.<\/p>\n","protected":false},"excerpt":{"rendered":"<p>Hier erhalten Sie eine \u00dcbersicht \u00fcber Ver\u00f6ffentlichungen zum Prognoseverfahren und zu Verifikationen: Radke, M. (1996): Statistische Beziehungen zwischen Anomalien der Monatsmitteltemperaturen in Zentral-Mecklenburg. Beilage 68\/1996 zur Wetterkarte, Amtsblatt des DWD vom 03.04.1996 f., 94\/1996.&#46;&#46;&#46;<\/p>\n","protected":false},"author":1,"featured_media":0,"parent":409,"menu_order":0,"comment_status":"closed","ping_status":"open","template":"","meta":{"footnotes":""},"class_list":["post-411","page","type-page","status-publish","hentry"],"yoast_head":"<!-- This site is optimized with the Yoast SEO plugin v25.5 - https:\/\/yoast.com\/wordpress\/plugins\/seo\/ -->\n<title>Langfristprognose: Weitere Infos - Wetter-Center.de<\/title>\n<meta name=\"robots\" content=\"index, follow, max-snippet:-1, max-image-preview:large, max-video-preview:-1\" \/>\n<link rel=\"canonical\" href=\"https:\/\/www.wetter-center.de\/blog\/ihre-personliche-langfristprognose\/langfristprognose-beispiel\/\" \/>\n<meta property=\"og:locale\" content=\"de_DE\" \/>\n<meta property=\"og:type\" content=\"article\" \/>\n<meta property=\"og:title\" content=\"Langfristprognose: Weitere Infos - Wetter-Center.de\" \/>\n<meta property=\"og:description\" content=\"Hier erhalten Sie eine \u00dcbersicht \u00fcber Ver\u00f6ffentlichungen zum Prognoseverfahren und zu Verifikationen: Radke, M. (1996): Statistische Beziehungen zwischen Anomalien der Monatsmitteltemperaturen in Zentral-Mecklenburg. Beilage 68\/1996 zur Wetterkarte, Amtsblatt des DWD vom 03.04.1996 f., 94\/1996.&#046;&#046;&#046;\" \/>\n<meta property=\"og:url\" content=\"https:\/\/www.wetter-center.de\/blog\/ihre-personliche-langfristprognose\/langfristprognose-beispiel\/\" \/>\n<meta property=\"og:site_name\" content=\"Wetter-Center.de\" \/>\n<meta property=\"article:publisher\" content=\"https:\/\/www.facebook.com\/WetterUndKlima\" \/>\n<meta property=\"article:modified_time\" content=\"2014-10-29T22:06:31+00:00\" \/>\n<meta name=\"twitter:card\" content=\"summary_large_image\" \/>\n<meta name=\"twitter:site\" content=\"@meteomara\" \/>\n<meta name=\"twitter:label1\" content=\"Gesch\u00e4tzte Lesezeit\" \/>\n\t<meta name=\"twitter:data1\" content=\"1\u00a0Minute\" \/>\n<script type=\"application\/ld+json\" class=\"yoast-schema-graph\">{\"@context\":\"https:\/\/schema.org\",\"@graph\":[{\"@type\":\"WebPage\",\"@id\":\"https:\/\/www.wetter-center.de\/blog\/ihre-personliche-langfristprognose\/langfristprognose-beispiel\/\",\"url\":\"https:\/\/www.wetter-center.de\/blog\/ihre-personliche-langfristprognose\/langfristprognose-beispiel\/\",\"name\":\"Langfristprognose: Weitere Infos - Wetter-Center.de\",\"isPartOf\":{\"@id\":\"https:\/\/www.wetter-center.de\/blog\/#website\"},\"datePublished\":\"2011-04-17T20:23:43+00:00\",\"dateModified\":\"2014-10-29T22:06:31+00:00\",\"breadcrumb\":{\"@id\":\"https:\/\/www.wetter-center.de\/blog\/ihre-personliche-langfristprognose\/langfristprognose-beispiel\/#breadcrumb\"},\"inLanguage\":\"de\",\"potentialAction\":[{\"@type\":\"ReadAction\",\"target\":[\"https:\/\/www.wetter-center.de\/blog\/ihre-personliche-langfristprognose\/langfristprognose-beispiel\/\"]}]},{\"@type\":\"BreadcrumbList\",\"@id\":\"https:\/\/www.wetter-center.de\/blog\/ihre-personliche-langfristprognose\/langfristprognose-beispiel\/#breadcrumb\",\"itemListElement\":[{\"@type\":\"ListItem\",\"position\":1,\"name\":\"Startseite\",\"item\":\"https:\/\/www.wetter-center.de\/blog\/\"},{\"@type\":\"ListItem\",\"position\":2,\"name\":\"Langfristige Wetterprognosen\",\"item\":\"https:\/\/www.wetter-center.de\/blog\/ihre-personliche-langfristprognose\/\"},{\"@type\":\"ListItem\",\"position\":3,\"name\":\"Langfristprognose: Weitere Infos\"}]},{\"@type\":\"WebSite\",\"@id\":\"https:\/\/www.wetter-center.de\/blog\/#website\",\"url\":\"https:\/\/www.wetter-center.de\/blog\/\",\"name\":\"Wetter-Center.de\",\"description\":\"\",\"publisher\":{\"@id\":\"https:\/\/www.wetter-center.de\/blog\/#\/schema\/person\/6c69612ad4763a699cd157cfbbfa6667\"},\"potentialAction\":[{\"@type\":\"SearchAction\",\"target\":{\"@type\":\"EntryPoint\",\"urlTemplate\":\"https:\/\/www.wetter-center.de\/blog\/?s={search_term_string}\"},\"query-input\":{\"@type\":\"PropertyValueSpecification\",\"valueRequired\":true,\"valueName\":\"search_term_string\"}}],\"inLanguage\":\"de\"},{\"@type\":[\"Person\",\"Organization\"],\"@id\":\"https:\/\/www.wetter-center.de\/blog\/#\/schema\/person\/6c69612ad4763a699cd157cfbbfa6667\",\"name\":\"meteomara\",\"image\":{\"@type\":\"ImageObject\",\"inLanguage\":\"de\",\"@id\":\"https:\/\/www.wetter-center.de\/blog\/#\/schema\/person\/image\/\",\"url\":\"https:\/\/www.wetter-center.de\/blog\/wp-content\/uploads\/2022\/08\/sky-1551171_1280.jpg\",\"contentUrl\":\"https:\/\/www.wetter-center.de\/blog\/wp-content\/uploads\/2022\/08\/sky-1551171_1280.jpg\",\"width\":1280,\"height\":643,\"caption\":\"meteomara\"},\"logo\":{\"@id\":\"https:\/\/www.wetter-center.de\/blog\/#\/schema\/person\/image\/\"},\"sameAs\":[\"https:\/\/www.facebook.com\/WetterUndKlima\",\"https:\/\/www.instagram.com\/wettercenterde\/\",\"https:\/\/x.com\/https:\/\/twitter.com\/meteomara\"]}]}<\/script>\n<!-- \/ Yoast SEO plugin. -->","yoast_head_json":{"title":"Langfristprognose: Weitere Infos - Wetter-Center.de","robots":{"index":"index","follow":"follow","max-snippet":"max-snippet:-1","max-image-preview":"max-image-preview:large","max-video-preview":"max-video-preview:-1"},"canonical":"https:\/\/www.wetter-center.de\/blog\/ihre-personliche-langfristprognose\/langfristprognose-beispiel\/","og_locale":"de_DE","og_type":"article","og_title":"Langfristprognose: Weitere Infos - Wetter-Center.de","og_description":"Hier erhalten Sie eine \u00dcbersicht \u00fcber Ver\u00f6ffentlichungen zum Prognoseverfahren und zu Verifikationen: Radke, M. (1996): Statistische Beziehungen zwischen Anomalien der Monatsmitteltemperaturen in Zentral-Mecklenburg. Beilage 68\/1996 zur Wetterkarte, Amtsblatt des DWD vom 03.04.1996 f., 94\/1996.&#46;&#46;&#46;","og_url":"https:\/\/www.wetter-center.de\/blog\/ihre-personliche-langfristprognose\/langfristprognose-beispiel\/","og_site_name":"Wetter-Center.de","article_publisher":"https:\/\/www.facebook.com\/WetterUndKlima","article_modified_time":"2014-10-29T22:06:31+00:00","twitter_card":"summary_large_image","twitter_site":"@meteomara","twitter_misc":{"Gesch\u00e4tzte Lesezeit":"1\u00a0Minute"},"schema":{"@context":"https:\/\/schema.org","@graph":[{"@type":"WebPage","@id":"https:\/\/www.wetter-center.de\/blog\/ihre-personliche-langfristprognose\/langfristprognose-beispiel\/","url":"https:\/\/www.wetter-center.de\/blog\/ihre-personliche-langfristprognose\/langfristprognose-beispiel\/","name":"Langfristprognose: Weitere Infos - Wetter-Center.de","isPartOf":{"@id":"https:\/\/www.wetter-center.de\/blog\/#website"},"datePublished":"2011-04-17T20:23:43+00:00","dateModified":"2014-10-29T22:06:31+00:00","breadcrumb":{"@id":"https:\/\/www.wetter-center.de\/blog\/ihre-personliche-langfristprognose\/langfristprognose-beispiel\/#breadcrumb"},"inLanguage":"de","potentialAction":[{"@type":"ReadAction","target":["https:\/\/www.wetter-center.de\/blog\/ihre-personliche-langfristprognose\/langfristprognose-beispiel\/"]}]},{"@type":"BreadcrumbList","@id":"https:\/\/www.wetter-center.de\/blog\/ihre-personliche-langfristprognose\/langfristprognose-beispiel\/#breadcrumb","itemListElement":[{"@type":"ListItem","position":1,"name":"Startseite","item":"https:\/\/www.wetter-center.de\/blog\/"},{"@type":"ListItem","position":2,"name":"Langfristige Wetterprognosen","item":"https:\/\/www.wetter-center.de\/blog\/ihre-personliche-langfristprognose\/"},{"@type":"ListItem","position":3,"name":"Langfristprognose: Weitere Infos"}]},{"@type":"WebSite","@id":"https:\/\/www.wetter-center.de\/blog\/#website","url":"https:\/\/www.wetter-center.de\/blog\/","name":"Wetter-Center.de","description":"","publisher":{"@id":"https:\/\/www.wetter-center.de\/blog\/#\/schema\/person\/6c69612ad4763a699cd157cfbbfa6667"},"potentialAction":[{"@type":"SearchAction","target":{"@type":"EntryPoint","urlTemplate":"https:\/\/www.wetter-center.de\/blog\/?s={search_term_string}"},"query-input":{"@type":"PropertyValueSpecification","valueRequired":true,"valueName":"search_term_string"}}],"inLanguage":"de"},{"@type":["Person","Organization"],"@id":"https:\/\/www.wetter-center.de\/blog\/#\/schema\/person\/6c69612ad4763a699cd157cfbbfa6667","name":"meteomara","image":{"@type":"ImageObject","inLanguage":"de","@id":"https:\/\/www.wetter-center.de\/blog\/#\/schema\/person\/image\/","url":"https:\/\/www.wetter-center.de\/blog\/wp-content\/uploads\/2022\/08\/sky-1551171_1280.jpg","contentUrl":"https:\/\/www.wetter-center.de\/blog\/wp-content\/uploads\/2022\/08\/sky-1551171_1280.jpg","width":1280,"height":643,"caption":"meteomara"},"logo":{"@id":"https:\/\/www.wetter-center.de\/blog\/#\/schema\/person\/image\/"},"sameAs":["https:\/\/www.facebook.com\/WetterUndKlima","https:\/\/www.instagram.com\/wettercenterde\/","https:\/\/x.com\/https:\/\/twitter.com\/meteomara"]}]}},"amp_enabled":true,"_links":{"self":[{"href":"https:\/\/www.wetter-center.de\/blog\/wp-json\/wp\/v2\/pages\/411","targetHints":{"allow":["GET"]}}],"collection":[{"href":"https:\/\/www.wetter-center.de\/blog\/wp-json\/wp\/v2\/pages"}],"about":[{"href":"https:\/\/www.wetter-center.de\/blog\/wp-json\/wp\/v2\/types\/page"}],"author":[{"embeddable":true,"href":"https:\/\/www.wetter-center.de\/blog\/wp-json\/wp\/v2\/users\/1"}],"replies":[{"embeddable":true,"href":"https:\/\/www.wetter-center.de\/blog\/wp-json\/wp\/v2\/comments?post=411"}],"version-history":[{"count":0,"href":"https:\/\/www.wetter-center.de\/blog\/wp-json\/wp\/v2\/pages\/411\/revisions"}],"up":[{"embeddable":true,"href":"https:\/\/www.wetter-center.de\/blog\/wp-json\/wp\/v2\/pages\/409"}],"wp:attachment":[{"href":"https:\/\/www.wetter-center.de\/blog\/wp-json\/wp\/v2\/media?parent=411"}],"curies":[{"name":"wp","href":"https:\/\/api.w.org\/{rel}","templated":true}]}}