{"id":410,"date":"2011-04-17T21:15:14","date_gmt":"2011-04-17T20:15:14","guid":{"rendered":"http:\/\/www.wetter-center.de\/blog\/?page_id=410"},"modified":"2019-09-13T08:54:02","modified_gmt":"2019-09-13T06:54:02","slug":"langfristprognose-haufige-fragen","status":"publish","type":"page","link":"https:\/\/www.wetter-center.de\/blog\/ihre-personliche-langfristprognose\/langfristprognose-haufige-fragen\/","title":{"rendered":"Langfristprognose: H\u00e4ufige Fragen"},"content":{"rendered":"\n<p><strong><em>Sind solche Prognosen nicht unseri\u00f6s?<\/em><br><\/strong>Nein. Sowohl in den USA als auch beim ECMWF (European Centre for Medium Range Weather Forecast) und beim staatlichen britischen Wetterdienst (UK MetOffice) wird zu Langfristprognosen geforscht, wobei sowohl verschiedene statistische und physikalische Vorhersagemethoden zum Einsatz kommen.<\/p>\n\n\n\n<p><strong><em>Was wird genau vorhergesagt?<\/em><br><\/strong>Vorhergesagt wird meist die Abweichung von der Monatsmitteltemperatur und von der Monatsniederschlagssumme f\u00fcr den kommenden und weitere Monate im Voraus. Daraus lassen sich weitere Parameter ableiten, wie z.B. die Anzahl von Tagen mit einer Maximumtemperatur \u00fcber 25 Grad (&#8220;Sommertage&#8221;) oder der Zeitpunkt f\u00fcr das Eintreffen spezieller Ereignisse wie erster oder letzter Sommertag im Jahr und \u00e4hnliches.<\/p>\n\n\n\n<hr class=\"wp-block-separator is-style-dots\"\/>\n\n\n\n\n\n<hr class=\"wp-block-separator is-style-dots\"\/>\n\n\n\n<p><strong><em>Ist auch eine Vorhersage f\u00fcr bestimmte Tage mehrere Monate im Voraus m\u00f6glich?<\/em><br><\/strong>Nein, dies ist unseri\u00f6s und wird von allen anerkannten Wetterdiensten abgelehnt. Eine Langfristige Wetterprognose stellt immer eine Tendenzprognose dar. Die Atmosph\u00e4re ist ein chaotisches System, so dass f\u00fcr einzelne Tage keine sinnvolle Prognose m\u00f6glich ist.<\/p>\n\n\n\n<p><strong><em>Wie hoch ist die Trefferquote bei den Prognosen<\/em><br><\/strong>Die Trefferquote f\u00fcr die Vorhersage der Monatstemperaturanomalie des n\u00e4chsten Monats liegt bei rund 65%. Dieser Wert gilt, wenn der Prognosefehler auf ganze Grad gerundet nicht gr\u00f6\u00dfer als ein Grad betragen soll. Genauere Informationen zur Verifikation <a href=\"?page_id=412\">erhalten Sie hier<\/a>.<\/p>\n\n\n\n<p>Hier gelangen Sie <a href=\"?page_id=409\"><strong>zur\u00fcck <\/strong>zur Langfristprognose-\u00dcbersichtsseite<\/a>.<\/p>\n","protected":false},"excerpt":{"rendered":"<p>Sind solche Prognosen nicht unseri\u00f6s?Nein. Sowohl in den USA als auch beim ECMWF (European Centre for Medium Range Weather Forecast) und beim staatlichen britischen Wetterdienst (UK MetOffice) wird zu Langfristprognosen geforscht, wobei sowohl verschiedene&#46;&#46;&#46;<\/p>\n","protected":false},"author":1,"featured_media":0,"parent":409,"menu_order":0,"comment_status":"closed","ping_status":"open","template":"","meta":{"footnotes":""},"class_list":["post-410","page","type-page","status-publish","hentry"],"yoast_head":"<!-- This site is optimized with the Yoast SEO plugin v25.5 - https:\/\/yoast.com\/wordpress\/plugins\/seo\/ -->\n<title>Langfristprognose: H\u00e4ufige Fragen - Wetter-Center.de<\/title>\n<meta name=\"robots\" content=\"index, follow, max-snippet:-1, max-image-preview:large, max-video-preview:-1\" \/>\n<link rel=\"canonical\" href=\"https:\/\/www.wetter-center.de\/blog\/ihre-personliche-langfristprognose\/langfristprognose-haufige-fragen\/\" \/>\n<meta property=\"og:locale\" content=\"de_DE\" \/>\n<meta property=\"og:type\" content=\"article\" \/>\n<meta property=\"og:title\" content=\"Langfristprognose: H\u00e4ufige Fragen - Wetter-Center.de\" \/>\n<meta property=\"og:description\" content=\"Sind solche Prognosen nicht unseri\u00f6s?Nein. Sowohl in den USA als auch beim ECMWF (European Centre for Medium Range Weather Forecast) und beim staatlichen britischen Wetterdienst (UK MetOffice) wird zu Langfristprognosen geforscht, wobei sowohl verschiedene&#046;&#046;&#046;\" \/>\n<meta property=\"og:url\" content=\"https:\/\/www.wetter-center.de\/blog\/ihre-personliche-langfristprognose\/langfristprognose-haufige-fragen\/\" \/>\n<meta property=\"og:site_name\" content=\"Wetter-Center.de\" \/>\n<meta property=\"article:publisher\" content=\"https:\/\/www.facebook.com\/WetterUndKlima\" \/>\n<meta property=\"article:modified_time\" content=\"2019-09-13T06:54:02+00:00\" \/>\n<meta name=\"twitter:card\" content=\"summary_large_image\" \/>\n<meta name=\"twitter:site\" content=\"@meteomara\" \/>\n<meta name=\"twitter:label1\" content=\"Gesch\u00e4tzte Lesezeit\" \/>\n\t<meta name=\"twitter:data1\" content=\"1\u00a0Minute\" \/>\n<script type=\"application\/ld+json\" class=\"yoast-schema-graph\">{\"@context\":\"https:\/\/schema.org\",\"@graph\":[{\"@type\":\"WebPage\",\"@id\":\"https:\/\/www.wetter-center.de\/blog\/ihre-personliche-langfristprognose\/langfristprognose-haufige-fragen\/\",\"url\":\"https:\/\/www.wetter-center.de\/blog\/ihre-personliche-langfristprognose\/langfristprognose-haufige-fragen\/\",\"name\":\"Langfristprognose: H\u00e4ufige Fragen - Wetter-Center.de\",\"isPartOf\":{\"@id\":\"https:\/\/www.wetter-center.de\/blog\/#website\"},\"datePublished\":\"2011-04-17T20:15:14+00:00\",\"dateModified\":\"2019-09-13T06:54:02+00:00\",\"breadcrumb\":{\"@id\":\"https:\/\/www.wetter-center.de\/blog\/ihre-personliche-langfristprognose\/langfristprognose-haufige-fragen\/#breadcrumb\"},\"inLanguage\":\"de\",\"potentialAction\":[{\"@type\":\"ReadAction\",\"target\":[\"https:\/\/www.wetter-center.de\/blog\/ihre-personliche-langfristprognose\/langfristprognose-haufige-fragen\/\"]}]},{\"@type\":\"BreadcrumbList\",\"@id\":\"https:\/\/www.wetter-center.de\/blog\/ihre-personliche-langfristprognose\/langfristprognose-haufige-fragen\/#breadcrumb\",\"itemListElement\":[{\"@type\":\"ListItem\",\"position\":1,\"name\":\"Startseite\",\"item\":\"https:\/\/www.wetter-center.de\/blog\/\"},{\"@type\":\"ListItem\",\"position\":2,\"name\":\"Langfristige Wetterprognosen\",\"item\":\"https:\/\/www.wetter-center.de\/blog\/ihre-personliche-langfristprognose\/\"},{\"@type\":\"ListItem\",\"position\":3,\"name\":\"Langfristprognose: H\u00e4ufige Fragen\"}]},{\"@type\":\"WebSite\",\"@id\":\"https:\/\/www.wetter-center.de\/blog\/#website\",\"url\":\"https:\/\/www.wetter-center.de\/blog\/\",\"name\":\"Wetter-Center.de\",\"description\":\"\",\"publisher\":{\"@id\":\"https:\/\/www.wetter-center.de\/blog\/#\/schema\/person\/6c69612ad4763a699cd157cfbbfa6667\"},\"potentialAction\":[{\"@type\":\"SearchAction\",\"target\":{\"@type\":\"EntryPoint\",\"urlTemplate\":\"https:\/\/www.wetter-center.de\/blog\/?s={search_term_string}\"},\"query-input\":{\"@type\":\"PropertyValueSpecification\",\"valueRequired\":true,\"valueName\":\"search_term_string\"}}],\"inLanguage\":\"de\"},{\"@type\":[\"Person\",\"Organization\"],\"@id\":\"https:\/\/www.wetter-center.de\/blog\/#\/schema\/person\/6c69612ad4763a699cd157cfbbfa6667\",\"name\":\"meteomara\",\"image\":{\"@type\":\"ImageObject\",\"inLanguage\":\"de\",\"@id\":\"https:\/\/www.wetter-center.de\/blog\/#\/schema\/person\/image\/\",\"url\":\"https:\/\/www.wetter-center.de\/blog\/wp-content\/uploads\/2022\/08\/sky-1551171_1280.jpg\",\"contentUrl\":\"https:\/\/www.wetter-center.de\/blog\/wp-content\/uploads\/2022\/08\/sky-1551171_1280.jpg\",\"width\":1280,\"height\":643,\"caption\":\"meteomara\"},\"logo\":{\"@id\":\"https:\/\/www.wetter-center.de\/blog\/#\/schema\/person\/image\/\"},\"sameAs\":[\"https:\/\/www.facebook.com\/WetterUndKlima\",\"https:\/\/www.instagram.com\/wettercenterde\/\",\"https:\/\/x.com\/https:\/\/twitter.com\/meteomara\"]}]}<\/script>\n<!-- \/ Yoast SEO plugin. -->","yoast_head_json":{"title":"Langfristprognose: H\u00e4ufige Fragen - Wetter-Center.de","robots":{"index":"index","follow":"follow","max-snippet":"max-snippet:-1","max-image-preview":"max-image-preview:large","max-video-preview":"max-video-preview:-1"},"canonical":"https:\/\/www.wetter-center.de\/blog\/ihre-personliche-langfristprognose\/langfristprognose-haufige-fragen\/","og_locale":"de_DE","og_type":"article","og_title":"Langfristprognose: H\u00e4ufige Fragen - Wetter-Center.de","og_description":"Sind solche Prognosen nicht unseri\u00f6s?Nein. Sowohl in den USA als auch beim ECMWF (European Centre for Medium Range Weather Forecast) und beim staatlichen britischen Wetterdienst (UK MetOffice) wird zu Langfristprognosen geforscht, wobei sowohl verschiedene&#46;&#46;&#46;","og_url":"https:\/\/www.wetter-center.de\/blog\/ihre-personliche-langfristprognose\/langfristprognose-haufige-fragen\/","og_site_name":"Wetter-Center.de","article_publisher":"https:\/\/www.facebook.com\/WetterUndKlima","article_modified_time":"2019-09-13T06:54:02+00:00","twitter_card":"summary_large_image","twitter_site":"@meteomara","twitter_misc":{"Gesch\u00e4tzte Lesezeit":"1\u00a0Minute"},"schema":{"@context":"https:\/\/schema.org","@graph":[{"@type":"WebPage","@id":"https:\/\/www.wetter-center.de\/blog\/ihre-personliche-langfristprognose\/langfristprognose-haufige-fragen\/","url":"https:\/\/www.wetter-center.de\/blog\/ihre-personliche-langfristprognose\/langfristprognose-haufige-fragen\/","name":"Langfristprognose: H\u00e4ufige Fragen - Wetter-Center.de","isPartOf":{"@id":"https:\/\/www.wetter-center.de\/blog\/#website"},"datePublished":"2011-04-17T20:15:14+00:00","dateModified":"2019-09-13T06:54:02+00:00","breadcrumb":{"@id":"https:\/\/www.wetter-center.de\/blog\/ihre-personliche-langfristprognose\/langfristprognose-haufige-fragen\/#breadcrumb"},"inLanguage":"de","potentialAction":[{"@type":"ReadAction","target":["https:\/\/www.wetter-center.de\/blog\/ihre-personliche-langfristprognose\/langfristprognose-haufige-fragen\/"]}]},{"@type":"BreadcrumbList","@id":"https:\/\/www.wetter-center.de\/blog\/ihre-personliche-langfristprognose\/langfristprognose-haufige-fragen\/#breadcrumb","itemListElement":[{"@type":"ListItem","position":1,"name":"Startseite","item":"https:\/\/www.wetter-center.de\/blog\/"},{"@type":"ListItem","position":2,"name":"Langfristige Wetterprognosen","item":"https:\/\/www.wetter-center.de\/blog\/ihre-personliche-langfristprognose\/"},{"@type":"ListItem","position":3,"name":"Langfristprognose: H\u00e4ufige Fragen"}]},{"@type":"WebSite","@id":"https:\/\/www.wetter-center.de\/blog\/#website","url":"https:\/\/www.wetter-center.de\/blog\/","name":"Wetter-Center.de","description":"","publisher":{"@id":"https:\/\/www.wetter-center.de\/blog\/#\/schema\/person\/6c69612ad4763a699cd157cfbbfa6667"},"potentialAction":[{"@type":"SearchAction","target":{"@type":"EntryPoint","urlTemplate":"https:\/\/www.wetter-center.de\/blog\/?s={search_term_string}"},"query-input":{"@type":"PropertyValueSpecification","valueRequired":true,"valueName":"search_term_string"}}],"inLanguage":"de"},{"@type":["Person","Organization"],"@id":"https:\/\/www.wetter-center.de\/blog\/#\/schema\/person\/6c69612ad4763a699cd157cfbbfa6667","name":"meteomara","image":{"@type":"ImageObject","inLanguage":"de","@id":"https:\/\/www.wetter-center.de\/blog\/#\/schema\/person\/image\/","url":"https:\/\/www.wetter-center.de\/blog\/wp-content\/uploads\/2022\/08\/sky-1551171_1280.jpg","contentUrl":"https:\/\/www.wetter-center.de\/blog\/wp-content\/uploads\/2022\/08\/sky-1551171_1280.jpg","width":1280,"height":643,"caption":"meteomara"},"logo":{"@id":"https:\/\/www.wetter-center.de\/blog\/#\/schema\/person\/image\/"},"sameAs":["https:\/\/www.facebook.com\/WetterUndKlima","https:\/\/www.instagram.com\/wettercenterde\/","https:\/\/x.com\/https:\/\/twitter.com\/meteomara"]}]}},"amp_enabled":true,"_links":{"self":[{"href":"https:\/\/www.wetter-center.de\/blog\/wp-json\/wp\/v2\/pages\/410","targetHints":{"allow":["GET"]}}],"collection":[{"href":"https:\/\/www.wetter-center.de\/blog\/wp-json\/wp\/v2\/pages"}],"about":[{"href":"https:\/\/www.wetter-center.de\/blog\/wp-json\/wp\/v2\/types\/page"}],"author":[{"embeddable":true,"href":"https:\/\/www.wetter-center.de\/blog\/wp-json\/wp\/v2\/users\/1"}],"replies":[{"embeddable":true,"href":"https:\/\/www.wetter-center.de\/blog\/wp-json\/wp\/v2\/comments?post=410"}],"version-history":[{"count":0,"href":"https:\/\/www.wetter-center.de\/blog\/wp-json\/wp\/v2\/pages\/410\/revisions"}],"up":[{"embeddable":true,"href":"https:\/\/www.wetter-center.de\/blog\/wp-json\/wp\/v2\/pages\/409"}],"wp:attachment":[{"href":"https:\/\/www.wetter-center.de\/blog\/wp-json\/wp\/v2\/media?parent=410"}],"curies":[{"name":"wp","href":"https:\/\/api.w.org\/{rel}","templated":true}]}}